{"id":2,"date":"2025-01-10T22:35:11","date_gmt":"2025-01-10T22:35:11","guid":{"rendered":"https:\/\/labodirect.ca\/?page_id=2"},"modified":"2025-01-21T10:52:33","modified_gmt":"2025-01-21T15:52:33","slug":"sample-page","status":"publish","type":"page","link":"https:\/\/labodirect.ca\/fr\/sample-page\/","title":{"rendered":"\u00c0 propos"},"content":{"rendered":"<h3 class=\"wp-block-heading\"><strong>Histoire<\/strong><\/h3>\n\n\n\n<p>Le Labo litt\u00e9ratie des donn\u00e9es a \u00e9t\u00e9 fond\u00e9 en 2020 par un groupe de chercheurs qui aiment les m\u00e9thodes quantitatives et qui sont passionn\u00e9s par son enseignement de mani\u00e8re accessible et non mena\u00e7ante.<\/p>\n\n\n\n<h3 class=\"wp-block-heading\"><strong>Notre Vision<\/strong><\/h3>\n\n\n\n<p>Le Labo litt\u00e9ratie des donn\u00e9es s\u2019efforce de cr\u00e9er un environnement d\u2019apprentissage qui favorise les r\u00e9sultats en mati\u00e8re de litt\u00e9ratie des donn\u00e9es pour les apprenants, en leur fournissant les outils et la confiance dont ils ont besoin pour interpr\u00e9ter, interagir et partager avec succ\u00e8s des donn\u00e9es dans leur carri\u00e8re et dans leur vie quotidienne.<\/p>\n\n\n\n<h2 class=\"wp-block-heading\">Funding &amp; Grants<\/h2>\n\n\n\n<p>\u200bRocchi, M., Sweet, S., Lagace, M., Gainforth, H., &amp; Beaudry, S. (2021). Data Literacy Education: Developing best practices for higher education in the Humanities and Social Sciences. Social Sciences and Humanities Research Council of Canada (SSHRC) \u2013 Insight Development Grant.<br>\u200b<\/p>","protected":false},"excerpt":{"rendered":"<p>This is where an excerpt goes.<\/p>\n<div class=\"read-more\"><a href=\"https:\/\/labodirect.ca\/fr\/sample-page\/\">Lire la suite..<\/a><\/div>\n<p><!-- end of .read-more --><\/p>","protected":false},"author":1,"featured_media":0,"parent":0,"menu_order":0,"comment_status":"closed","ping_status":"open","template":"","meta":{"_acf_changed":false,"footnotes":""},"class_list":["post-2","page","type-page","status-publish","hentry"],"acf":[],"_links":{"self":[{"href":"https:\/\/labodirect.ca\/fr\/wp-json\/wp\/v2\/pages\/2","targetHints":{"allow":["GET"]}}],"collection":[{"href":"https:\/\/labodirect.ca\/fr\/wp-json\/wp\/v2\/pages"}],"about":[{"href":"https:\/\/labodirect.ca\/fr\/wp-json\/wp\/v2\/types\/page"}],"author":[{"embeddable":true,"href":"https:\/\/labodirect.ca\/fr\/wp-json\/wp\/v2\/users\/1"}],"replies":[{"embeddable":true,"href":"https:\/\/labodirect.ca\/fr\/wp-json\/wp\/v2\/comments?post=2"}],"version-history":[{"count":6,"href":"https:\/\/labodirect.ca\/fr\/wp-json\/wp\/v2\/pages\/2\/revisions"}],"predecessor-version":[{"id":344,"href":"https:\/\/labodirect.ca\/fr\/wp-json\/wp\/v2\/pages\/2\/revisions\/344"}],"wp:attachment":[{"href":"https:\/\/labodirect.ca\/fr\/wp-json\/wp\/v2\/media?parent=2"}],"curies":[{"name":"wp","href":"https:\/\/api.w.org\/{rel}","templated":true}]}}